{"id":2236,"date":"2021-04-20T11:56:31","date_gmt":"2021-04-20T09:56:31","guid":{"rendered":"https:\/\/willkommen.autarking.ch\/?page_id=2236"},"modified":"2025-06-11T16:19:57","modified_gmt":"2025-06-11T14:19:57","slug":"formulaire-de-retour","status":"publish","type":"page","link":"https:\/\/willkommen.autarking.ch\/fr\/retouren-formular\/","title":{"rendered":"Formulaire de retour"},"content":{"rendered":"<div data-elementor-type=\"wp-page\" data-elementor-id=\"2236\" class=\"elementor elementor-2236\" data-elementor-post-type=\"page\">\n\t\t\t\t\t\t<section class=\"elementor-section elementor-top-section elementor-element elementor-element-f1cd2c3 elementor-section-boxed elementor-section-height-default elementor-section-height-default\" data-id=\"f1cd2c3\" data-element_type=\"section\" data-e-type=\"section\">\n\t\t\t\t\t\t<div class=\"elementor-container elementor-column-gap-default\">\n\t\t\t\t\t<div class=\"elementor-column elementor-col-100 elementor-top-column elementor-element elementor-element-e4db4e7\" data-id=\"e4db4e7\" data-element_type=\"column\" data-e-type=\"column\">\n\t\t\t<div class=\"elementor-widget-wrap elementor-element-populated\">\n\t\t\t\t\t\t<div class=\"elementor-element elementor-element-23b2c0e elementor-widget elementor-widget-spacer\" data-id=\"23b2c0e\" data-element_type=\"widget\" data-e-type=\"widget\" data-widget_type=\"spacer.default\">\n\t\t\t\t<div class=\"elementor-widget-container\">\n\t\t\t\t\t\t\t<div class=\"elementor-spacer\">\n\t\t\t<div class=\"elementor-spacer-inner\"><\/div>\n\t\t<\/div>\n\t\t\t\t\t\t<\/div>\n\t\t\t\t<\/div>\n\t\t\t\t\t<\/div>\n\t\t<\/div>\n\t\t\t\t\t<\/div>\n\t\t<\/section>\n\t\t\t\t<section class=\"elementor-section elementor-top-section elementor-element elementor-element-c757c62 elementor-section-boxed elementor-section-height-default elementor-section-height-default\" data-id=\"c757c62\" data-element_type=\"section\" data-e-type=\"section\" data-settings=\"{&quot;background_background&quot;:&quot;classic&quot;}\">\n\t\t\t\t\t\t<div class=\"elementor-container elementor-column-gap-default\">\n\t\t\t\t\t<div class=\"elementor-column elementor-col-100 elementor-top-column elementor-element elementor-element-ec2ba28\" data-id=\"ec2ba28\" data-element_type=\"column\" data-e-type=\"column\">\n\t\t\t<div class=\"elementor-widget-wrap elementor-element-populated\">\n\t\t\t\t\t\t<div class=\"elementor-element elementor-element-b4c146a elementor-widget elementor-widget-spacer\" data-id=\"b4c146a\" data-element_type=\"widget\" data-e-type=\"widget\" data-widget_type=\"spacer.default\">\n\t\t\t\t<div class=\"elementor-widget-container\">\n\t\t\t\t\t\t\t<div class=\"elementor-spacer\">\n\t\t\t<div class=\"elementor-spacer-inner\"><\/div>\n\t\t<\/div>\n\t\t\t\t\t\t<\/div>\n\t\t\t\t<\/div>\n\t\t\t\t<div class=\"elementor-element elementor-element-9b52d22 elementor-widget elementor-widget-heading\" data-id=\"9b52d22\" data-element_type=\"widget\" data-e-type=\"widget\" data-widget_type=\"heading.default\">\n\t\t\t\t<div class=\"elementor-widget-container\">\n\t\t\t\t\t<h2 class=\"elementor-heading-title elementor-size-default\">Formulaire de retour<\/h2>\t\t\t\t<\/div>\n\t\t\t\t<\/div>\n\t\t\t\t<div class=\"elementor-element elementor-element-71f1811 elementor-widget elementor-widget-spacer\" data-id=\"71f1811\" data-element_type=\"widget\" data-e-type=\"widget\" data-widget_type=\"spacer.default\">\n\t\t\t\t<div class=\"elementor-widget-container\">\n\t\t\t\t\t\t\t<div class=\"elementor-spacer\">\n\t\t\t<div class=\"elementor-spacer-inner\"><\/div>\n\t\t<\/div>\n\t\t\t\t\t\t<\/div>\n\t\t\t\t<\/div>\n\t\t\t\t\t<\/div>\n\t\t<\/div>\n\t\t\t\t\t<\/div>\n\t\t<\/section>\n\t\t\t\t<section class=\"elementor-section elementor-top-section elementor-element elementor-element-08aeb08 elementor-section-boxed elementor-section-height-default elementor-section-height-default\" data-id=\"08aeb08\" data-element_type=\"section\" data-e-type=\"section\" data-settings=\"{&quot;background_background&quot;:&quot;classic&quot;}\">\n\t\t\t\t\t\t<div class=\"elementor-container elementor-column-gap-default\">\n\t\t\t\t\t<div class=\"elementor-column elementor-col-100 elementor-top-column elementor-element elementor-element-59f1bd7\" data-id=\"59f1bd7\" data-element_type=\"column\" data-e-type=\"column\">\n\t\t\t<div class=\"elementor-widget-wrap elementor-element-populated\">\n\t\t\t\t\t\t<div class=\"elementor-element elementor-element-d73d3e9 elementor-widget elementor-widget-text-editor\" data-id=\"d73d3e9\" data-element_type=\"widget\" data-e-type=\"widget\" data-widget_type=\"text-editor.default\">\n\t\t\t\t<div class=\"elementor-widget-container\">\n\t\t\t\t\t\t\t\t\t<p style=\"text-align: center;\">\u00a0<\/p><p style=\"text-align: center;\">Veuillez utiliser notre nouveau <span style=\"color: #ff6600;\"><a style=\"color: #ff6600;\" href=\"https:\/\/shop.autarking.ch\/de\/kontakt\/retouren-und-garantie-formular\">Formulaire de retour<\/a><\/span>Merci beaucoup.<br \/><br \/><br \/><br \/><\/p><p style=\"text-align: center;\">\u00a0<\/p>\t\t\t\t\t\t\t\t<\/div>\n\t\t\t\t<\/div>\n\t\t\t\t\t<\/div>\n\t\t<\/div>\n\t\t\t\t\t<\/div>\n\t\t<\/section>\n\t\t\t\t<section class=\"elementor-section elementor-top-section elementor-element elementor-element-62a9a16 elementor-section-boxed elementor-section-height-default elementor-section-height-default\" data-id=\"62a9a16\" data-element_type=\"section\" data-e-type=\"section\" data-settings=\"{&quot;background_background&quot;:&quot;classic&quot;}\">\n\t\t\t\t\t\t<div class=\"elementor-container elementor-column-gap-default\">\n\t\t\t\t\t<div class=\"elementor-column elementor-col-33 elementor-top-column elementor-element elementor-element-b7c0ec0\" data-id=\"b7c0ec0\" data-element_type=\"column\" data-e-type=\"column\">\n\t\t\t<div class=\"elementor-widget-wrap elementor-element-populated\">\n\t\t\t\t\t\t<div class=\"elementor-element elementor-element-aa64e28 elementor-widget elementor-widget-menu-anchor\" data-id=\"aa64e28\" data-element_type=\"widget\" data-e-type=\"widget\" data-widget_type=\"menu-anchor.default\">\n\t\t\t\t<div class=\"elementor-widget-container\">\n\t\t\t\t\t\t\t<div class=\"elementor-menu-anchor\" id=\"dienstleistung\"><\/div>\n\t\t\t\t\t\t<\/div>\n\t\t\t\t<\/div>\n\t\t\t\t\t<\/div>\n\t\t<\/div>\n\t\t\t\t<div class=\"elementor-column elementor-col-33 elementor-top-column elementor-element elementor-element-0acddbb\" data-id=\"0acddbb\" data-element_type=\"column\" data-e-type=\"column\">\n\t\t\t<div class=\"elementor-widget-wrap elementor-element-populated\">\n\t\t\t\t\t\t<div class=\"elementor-element elementor-element-1c4aab7 elementor-widget elementor-widget-menu-anchor\" data-id=\"1c4aab7\" data-element_type=\"widget\" data-e-type=\"widget\" data-widget_type=\"menu-anchor.default\">\n\t\t\t\t<div class=\"elementor-widget-container\">\n\t\t\t\t\t\t\t<div class=\"elementor-menu-anchor\" id=\"produkte\"><\/div>\n\t\t\t\t\t\t<\/div>\n\t\t\t\t<\/div>\n\t\t\t\t\t<\/div>\n\t\t<\/div>\n\t\t\t\t<div class=\"elementor-column elementor-col-33 elementor-top-column elementor-element elementor-element-d7de88d\" data-id=\"d7de88d\" data-element_type=\"column\" data-e-type=\"column\">\n\t\t\t<div class=\"elementor-widget-wrap elementor-element-populated\">\n\t\t\t\t\t\t<div class=\"elementor-element elementor-element-c1718ee elementor-widget elementor-widget-menu-anchor\" data-id=\"c1718ee\" data-element_type=\"widget\" data-e-type=\"widget\" data-widget_type=\"menu-anchor.default\">\n\t\t\t\t<div class=\"elementor-widget-container\">\n\t\t\t\t\t\t\t<div class=\"elementor-menu-anchor\" id=\"kontakt\"><\/div>\n\t\t\t\t\t\t<\/div>\n\t\t\t\t<\/div>\n\t\t\t\t\t<\/div>\n\t\t<\/div>\n\t\t\t\t\t<\/div>\n\t\t<\/section>\n\t\t\t\t<\/div>","protected":false},"excerpt":{"rendered":"<p>Formulaire de retour Veuillez utiliser notre nouveau formulaire de retour, merci. \u00a0<\/p>","protected":false},"author":1,"featured_media":0,"parent":0,"menu_order":0,"comment_status":"closed","ping_status":"closed","template":"","meta":{"site-sidebar-layout":"no-sidebar","site-content-layout":"page-builder","ast-site-content-layout":"default","site-content-style":"default","site-sidebar-style":"default","ast-global-header-display":"","ast-banner-title-visibility":"","ast-main-header-display":"","ast-hfb-above-header-display":"","ast-hfb-below-header-display":"","ast-hfb-mobile-header-display":"","site-post-title":"disabled","ast-breadcrumbs-content":"","ast-featured-img":"disabled","footer-sml-layout":"","ast-disable-related-posts":"","theme-transparent-header-meta":"default","adv-header-id-meta":"","stick-header-meta":"","header-above-stick-meta":"","header-main-stick-meta":"","header-below-stick-meta":"","astra-migrate-meta-layouts":"default","ast-page-background-enabled":"default","ast-page-background-meta":{"desktop":{"background-color":"var(--ast-global-color-4)","background-image":"","background-repeat":"repeat","background-position":"center center","background-size":"auto","background-attachment":"scroll","background-type":"","background-media":"","overlay-type":"","overlay-color":"","overlay-opacity":"","overlay-gradient":""},"tablet":{"background-color":"","background-image":"","background-repeat":"repeat","background-position":"center center","background-size":"auto","background-attachment":"scroll","background-type":"","background-media":"","overlay-type":"","overlay-color":"","overlay-opacity":"","overlay-gradient":""},"mobile":{"background-color":"","background-image":"","background-repeat":"repeat","background-position":"center center","background-size":"auto","background-attachment":"scroll","background-type":"","background-media":"","overlay-type":"","overlay-color":"","overlay-opacity":"","overlay-gradient":""}},"ast-content-background-meta":{"desktop":{"background-color":"var(--ast-global-color-5)","background-image":"","background-repeat":"repeat","background-position":"center center","background-size":"auto","background-attachment":"scroll","background-type":"","background-media":"","overlay-type":"","overlay-color":"","overlay-opacity":"","overlay-gradient":""},"tablet":{"background-color":"var(--ast-global-color-5)","background-image":"","background-repeat":"repeat","background-position":"center center","background-size":"auto","background-attachment":"scroll","background-type":"","background-media":"","overlay-type":"","overlay-color":"","overlay-opacity":"","overlay-gradient":""},"mobile":{"background-color":"var(--ast-global-color-5)","background-image":"","background-repeat":"repeat","background-position":"center center","background-size":"auto","background-attachment":"scroll","background-type":"","background-media":"","overlay-type":"","overlay-color":"","overlay-opacity":"","overlay-gradient":""}},"footnotes":""},"class_list":["post-2236","page","type-page","status-publish","hentry"],"yoast_head":"<!-- This site is optimized with the Yoast SEO plugin v27.3 - https:\/\/yoast.com\/product\/yoast-seo-wordpress\/ -->\n<title>Retouren Formular - Autarking - unabh\u00e4ngige Energie<\/title>\n<meta name=\"robots\" content=\"index, follow, max-snippet:-1, max-image-preview:large, max-video-preview:-1\" \/>\n<link rel=\"canonical\" href=\"https:\/\/willkommen.autarking.ch\/fr\/formulaire-de-retour\/\" \/>\n<meta property=\"og:locale\" content=\"fr_FR\" \/>\n<meta property=\"og:type\" content=\"article\" \/>\n<meta property=\"og:title\" content=\"Retouren Formular - Autarking - unabh\u00e4ngige Energie\" \/>\n<meta property=\"og:description\" content=\"Retouren Formular \u00a0 Bitte nutzen Sie unser neues Retouren Formular, besten Dank. \u00a0\" \/>\n<meta property=\"og:url\" content=\"https:\/\/willkommen.autarking.ch\/fr\/formulaire-de-retour\/\" \/>\n<meta property=\"og:site_name\" content=\"Autarking - unabh\u00e4ngige Energie\" \/>\n<meta property=\"article:publisher\" content=\"https:\/\/www.facebook.com\/autarkingag\" \/>\n<meta property=\"article:modified_time\" content=\"2025-06-11T14:19:57+00:00\" \/>\n<meta name=\"twitter:card\" content=\"summary_large_image\" \/>\n<meta name=\"twitter:label1\" content=\"Dur\u00e9e de lecture estim\u00e9e\" \/>\n\t<meta name=\"twitter:data1\" content=\"1 minute\" \/>\n<script type=\"application\/ld+json\" class=\"yoast-schema-graph\">{\"@context\":\"https:\\\/\\\/schema.org\",\"@graph\":[{\"@type\":\"WebPage\",\"@id\":\"https:\\\/\\\/willkommen.autarking.ch\\\/retouren-formular\\\/\",\"url\":\"https:\\\/\\\/willkommen.autarking.ch\\\/retouren-formular\\\/\",\"name\":\"Retouren Formular - Autarking - unabh\u00e4ngige Energie\",\"isPartOf\":{\"@id\":\"https:\\\/\\\/willkommen.autarking.ch\\\/#website\"},\"datePublished\":\"2021-04-20T09:56:31+00:00\",\"dateModified\":\"2025-06-11T14:19:57+00:00\",\"breadcrumb\":{\"@id\":\"https:\\\/\\\/willkommen.autarking.ch\\\/retouren-formular\\\/#breadcrumb\"},\"inLanguage\":\"fr-FR\",\"potentialAction\":[{\"@type\":\"ReadAction\",\"target\":[\"https:\\\/\\\/willkommen.autarking.ch\\\/retouren-formular\\\/\"]}]},{\"@type\":\"BreadcrumbList\",\"@id\":\"https:\\\/\\\/willkommen.autarking.ch\\\/retouren-formular\\\/#breadcrumb\",\"itemListElement\":[{\"@type\":\"ListItem\",\"position\":1,\"name\":\"Home\",\"item\":\"https:\\\/\\\/willkommen.autarking.ch\\\/\"},{\"@type\":\"ListItem\",\"position\":2,\"name\":\"Retouren Formular\"}]},{\"@type\":\"WebSite\",\"@id\":\"https:\\\/\\\/willkommen.autarking.ch\\\/#website\",\"url\":\"https:\\\/\\\/willkommen.autarking.ch\\\/\",\"name\":\"Autarking - unabh\u00e4ngige Energie\",\"description\":\"Stromversorgung unterwegs, zu hause, auf dem wasser, beim arbeiten\",\"publisher\":{\"@id\":\"https:\\\/\\\/willkommen.autarking.ch\\\/#organization\"},\"potentialAction\":[{\"@type\":\"SearchAction\",\"target\":{\"@type\":\"EntryPoint\",\"urlTemplate\":\"https:\\\/\\\/willkommen.autarking.ch\\\/?s={search_term_string}\"},\"query-input\":{\"@type\":\"PropertyValueSpecification\",\"valueRequired\":true,\"valueName\":\"search_term_string\"}}],\"inLanguage\":\"fr-FR\"},{\"@type\":\"Organization\",\"@id\":\"https:\\\/\\\/willkommen.autarking.ch\\\/#organization\",\"name\":\"Autarking AG\",\"url\":\"https:\\\/\\\/willkommen.autarking.ch\\\/\",\"logo\":{\"@type\":\"ImageObject\",\"inLanguage\":\"fr-FR\",\"@id\":\"https:\\\/\\\/willkommen.autarking.ch\\\/#\\\/schema\\\/logo\\\/image\\\/\",\"url\":\"https:\\\/\\\/willkommen.autarking.ch\\\/wp-content\\\/uploads\\\/2021\\\/01\\\/Logo_k.jpg\",\"contentUrl\":\"https:\\\/\\\/willkommen.autarking.ch\\\/wp-content\\\/uploads\\\/2021\\\/01\\\/Logo_k.jpg\",\"width\":329,\"height\":192,\"caption\":\"Autarking AG\"},\"image\":{\"@id\":\"https:\\\/\\\/willkommen.autarking.ch\\\/#\\\/schema\\\/logo\\\/image\\\/\"},\"sameAs\":[\"https:\\\/\\\/www.facebook.com\\\/autarkingag\",\"https:\\\/\\\/www.instagram.com\\\/autarking_ag\\\/?hl=de\",\"https:\\\/\\\/www.linkedin.com\\\/company\\\/8321953\\\/admin\\\/\",\"https:\\\/\\\/www.youtube.com\\\/channel\\\/UC601_a6rgsHAFf8iYE0i5Hw\"]}]}<\/script>\n<!-- \/ Yoast SEO plugin. -->","yoast_head_json":{"title":"Formulaire de retour - Autarcie - \u00e9nergie ind\u00e9pendante","robots":{"index":"index","follow":"follow","max-snippet":"max-snippet:-1","max-image-preview":"max-image-preview:large","max-video-preview":"max-video-preview:-1"},"canonical":"https:\/\/willkommen.autarking.ch\/fr\/formulaire-de-retour\/","og_locale":"fr_FR","og_type":"article","og_title":"Retouren Formular - Autarking - unabh\u00e4ngige Energie","og_description":"Retouren Formular \u00a0 Bitte nutzen Sie unser neues Retouren Formular, besten Dank. \u00a0","og_url":"https:\/\/willkommen.autarking.ch\/fr\/formulaire-de-retour\/","og_site_name":"Autarking - unabh\u00e4ngige Energie","article_publisher":"https:\/\/www.facebook.com\/autarkingag","article_modified_time":"2025-06-11T14:19:57+00:00","twitter_card":"summary_large_image","twitter_misc":{"Dur\u00e9e de lecture estim\u00e9e":"1 minute"},"schema":{"@context":"https:\/\/schema.org","@graph":[{"@type":"WebPage","@id":"https:\/\/willkommen.autarking.ch\/retouren-formular\/","url":"https:\/\/willkommen.autarking.ch\/retouren-formular\/","name":"Formulaire de retour - Autarcie - \u00e9nergie ind\u00e9pendante","isPartOf":{"@id":"https:\/\/willkommen.autarking.ch\/#website"},"datePublished":"2021-04-20T09:56:31+00:00","dateModified":"2025-06-11T14:19:57+00:00","breadcrumb":{"@id":"https:\/\/willkommen.autarking.ch\/retouren-formular\/#breadcrumb"},"inLanguage":"fr-FR","potentialAction":[{"@type":"ReadAction","target":["https:\/\/willkommen.autarking.ch\/retouren-formular\/"]}]},{"@type":"BreadcrumbList","@id":"https:\/\/willkommen.autarking.ch\/retouren-formular\/#breadcrumb","itemListElement":[{"@type":"ListItem","position":1,"name":"Home","item":"https:\/\/willkommen.autarking.ch\/"},{"@type":"ListItem","position":2,"name":"Retouren Formular"}]},{"@type":"WebSite","@id":"https:\/\/willkommen.autarking.ch\/#website","url":"https:\/\/willkommen.autarking.ch\/","name":"Autarcie - \u00e9nergie ind\u00e9pendante","description":"alimentation \u00e9lectrique en d\u00e9placement, \u00e0 la maison, sur l'eau, au travail","publisher":{"@id":"https:\/\/willkommen.autarking.ch\/#organization"},"potentialAction":[{"@type":"SearchAction","target":{"@type":"EntryPoint","urlTemplate":"https:\/\/willkommen.autarking.ch\/?s={search_term_string}"},"query-input":{"@type":"PropertyValueSpecification","valueRequired":true,"valueName":"search_term_string"}}],"inLanguage":"fr-FR"},{"@type":"Organization","@id":"https:\/\/willkommen.autarking.ch\/#organization","name":"Autarking AG","url":"https:\/\/willkommen.autarking.ch\/","logo":{"@type":"ImageObject","inLanguage":"fr-FR","@id":"https:\/\/willkommen.autarking.ch\/#\/schema\/logo\/image\/","url":"https:\/\/willkommen.autarking.ch\/wp-content\/uploads\/2021\/01\/Logo_k.jpg","contentUrl":"https:\/\/willkommen.autarking.ch\/wp-content\/uploads\/2021\/01\/Logo_k.jpg","width":329,"height":192,"caption":"Autarking AG"},"image":{"@id":"https:\/\/willkommen.autarking.ch\/#\/schema\/logo\/image\/"},"sameAs":["https:\/\/www.facebook.com\/autarkingag","https:\/\/www.instagram.com\/autarking_ag\/?hl=de","https:\/\/www.linkedin.com\/company\/8321953\/admin\/","https:\/\/www.youtube.com\/channel\/UC601_a6rgsHAFf8iYE0i5Hw"]}]}},"_links":{"self":[{"href":"https:\/\/willkommen.autarking.ch\/fr\/wp-json\/wp\/v2\/pages\/2236","targetHints":{"allow":["GET"]}}],"collection":[{"href":"https:\/\/willkommen.autarking.ch\/fr\/wp-json\/wp\/v2\/pages"}],"about":[{"href":"https:\/\/willkommen.autarking.ch\/fr\/wp-json\/wp\/v2\/types\/page"}],"author":[{"embeddable":true,"href":"https:\/\/willkommen.autarking.ch\/fr\/wp-json\/wp\/v2\/users\/1"}],"replies":[{"embeddable":true,"href":"https:\/\/willkommen.autarking.ch\/fr\/wp-json\/wp\/v2\/comments?post=2236"}],"version-history":[{"count":0,"href":"https:\/\/willkommen.autarking.ch\/fr\/wp-json\/wp\/v2\/pages\/2236\/revisions"}],"wp:attachment":[{"href":"https:\/\/willkommen.autarking.ch\/fr\/wp-json\/wp\/v2\/media?parent=2236"}],"curies":[{"name":"wp","href":"https:\/\/api.w.org\/{rel}","templated":true}]}}