{"id":3072,"date":"2022-09-20T16:28:49","date_gmt":"2022-09-20T14:28:49","guid":{"rendered":"https:\/\/willkommen.autarking.ch\/?page_id=3072"},"modified":"2025-09-29T08:13:05","modified_gmt":"2025-09-29T06:13:05","slug":"atelier-de-camping-contact","status":"publish","type":"page","link":"https:\/\/willkommen.autarking.ch\/fr\/camping-werkstatt-kontakt\/","title":{"rendered":"Camping-Werkstatt-contact"},"content":{"rendered":"<div data-elementor-type=\"wp-page\" data-elementor-id=\"3072\" class=\"elementor elementor-3072\" data-elementor-post-type=\"page\">\n\t\t\t\t\t\t<section class=\"elementor-section elementor-top-section elementor-element elementor-element-7b822a5 elementor-section-boxed elementor-section-height-default elementor-section-height-default\" data-id=\"7b822a5\" data-element_type=\"section\" data-e-type=\"section\">\n\t\t\t\t\t\t<div class=\"elementor-container elementor-column-gap-default\">\n\t\t\t\t\t<div class=\"elementor-column elementor-col-100 elementor-top-column elementor-element elementor-element-dc8dc68\" data-id=\"dc8dc68\" data-element_type=\"column\" data-e-type=\"column\">\n\t\t\t<div class=\"elementor-widget-wrap\">\n\t\t\t\t\t\t\t<\/div>\n\t\t<\/div>\n\t\t\t\t\t<\/div>\n\t\t<\/section>\n\t\t\t\t<section class=\"elementor-section elementor-top-section elementor-element elementor-element-639433a9 elementor-section-boxed elementor-section-height-default elementor-section-height-default\" data-id=\"639433a9\" data-element_type=\"section\" data-e-type=\"section\" data-settings=\"{&quot;background_background&quot;:&quot;classic&quot;}\">\n\t\t\t\t\t\t\t<div class=\"elementor-background-overlay\"><\/div>\n\t\t\t\t\t\t\t<div class=\"elementor-container elementor-column-gap-default\">\n\t\t\t\t\t<div class=\"elementor-column elementor-col-100 elementor-top-column elementor-element elementor-element-48c27082\" data-id=\"48c27082\" data-element_type=\"column\" data-e-type=\"column\">\n\t\t\t<div class=\"elementor-widget-wrap elementor-element-populated\">\n\t\t\t\t\t\t<div class=\"elementor-element elementor-element-3a42237d elementor-widget elementor-widget-heading\" data-id=\"3a42237d\" data-element_type=\"widget\" data-e-type=\"widget\" data-widget_type=\"heading.default\">\n\t\t\t\t<div class=\"elementor-widget-container\">\n\t\t\t\t\t<h2 class=\"elementor-heading-title elementor-size-default\">notre atelier pour les partenaires &amp; clients commerciaux<\/h2>\t\t\t\t<\/div>\n\t\t\t\t<\/div>\n\t\t\t\t<div class=\"elementor-element elementor-element-221cbe8 elementor-widget elementor-widget-text-editor\" data-id=\"221cbe8\" data-element_type=\"widget\" data-e-type=\"widget\" data-widget_type=\"text-editor.default\">\n\t\t\t\t<div class=\"elementor-widget-container\">\n\t\t\t\t\t\t\t\t\t<p>Nous nous ferons un plaisir de vous trouver un rendez-vous<\/p>\t\t\t\t\t\t\t\t<\/div>\n\t\t\t\t<\/div>\n\t\t\t\t<section class=\"elementor-section elementor-inner-section elementor-element elementor-element-15a96181 elementor-section-boxed elementor-section-height-default elementor-section-height-default\" data-id=\"15a96181\" data-element_type=\"section\" data-e-type=\"section\">\n\t\t\t\t\t\t<div class=\"elementor-container elementor-column-gap-no\">\n\t\t\t\t\t<div class=\"elementor-column elementor-col-50 elementor-inner-column elementor-element elementor-element-5573a568\" data-id=\"5573a568\" data-element_type=\"column\" data-e-type=\"column\">\n\t\t\t<div class=\"elementor-widget-wrap elementor-element-populated\">\n\t\t\t\t\t\t<div class=\"elementor-element elementor-element-7e1d094 elementor-widget elementor-widget-heading\" data-id=\"7e1d094\" data-element_type=\"widget\" data-e-type=\"widget\" data-widget_type=\"heading.default\">\n\t\t\t\t<div class=\"elementor-widget-container\">\n\t\t\t\t\t<h4 class=\"elementor-heading-title elementor-size-default\">Nous effectuons les travaux suivants pour vous :<\/h4>\t\t\t\t<\/div>\n\t\t\t\t<\/div>\n\t\t\t\t<div class=\"elementor-element elementor-element-3032c37 elementor-icon-list--layout-traditional elementor-list-item-link-full_width elementor-widget elementor-widget-icon-list\" data-id=\"3032c37\" data-element_type=\"widget\" data-e-type=\"widget\" data-widget_type=\"icon-list.default\">\n\t\t\t\t<div class=\"elementor-widget-container\">\n\t\t\t\t\t\t\t<ul class=\"elementor-icon-list-items\">\n\t\t\t\t\t\t\t<li class=\"elementor-icon-list-item\">\n\t\t\t\t\t\t\t\t\t\t\t<span class=\"elementor-icon-list-icon\">\n\t\t\t\t\t\t\t<i aria-hidden=\"true\" class=\"fas fa-car-battery\"><\/i>\t\t\t\t\t\t<\/span>\n\t\t\t\t\t\t\t\t\t\t<span class=\"elementor-icon-list-text\">Alimentation &amp; piles<\/span>\n\t\t\t\t\t\t\t\t\t<\/li>\n\t\t\t\t\t\t\t\t<li class=\"elementor-icon-list-item\">\n\t\t\t\t\t\t\t\t\t\t\t<span class=\"elementor-icon-list-icon\">\n\t\t\t\t\t\t\t<i aria-hidden=\"true\" class=\"fas fa-solar-panel\"><\/i>\t\t\t\t\t\t<\/span>\n\t\t\t\t\t\t\t\t\t\t<span class=\"elementor-icon-list-text\">Solaire &amp; surveillance<\/span>\n\t\t\t\t\t\t\t\t\t<\/li>\n\t\t\t\t\t\t\t\t<li class=\"elementor-icon-list-item\">\n\t\t\t\t\t\t\t\t\t\t\t<span class=\"elementor-icon-list-icon\">\n\t\t\t\t\t\t\t<i aria-hidden=\"true\" class=\"fas fa-plug\"><\/i>\t\t\t\t\t\t<\/span>\n\t\t\t\t\t\t\t\t\t\t<span class=\"elementor-icon-list-text\">Prises ext\u00e9rieures pour l'\u00e9lectricit\u00e9 et le solaire<\/span>\n\t\t\t\t\t\t\t\t\t<\/li>\n\t\t\t\t\t\t<\/ul>\n\t\t\t\t\t\t<\/div>\n\t\t\t\t<\/div>\n\t\t\t\t<div class=\"elementor-element elementor-element-bbb048c elementor-icon-list--layout-traditional elementor-list-item-link-full_width elementor-widget elementor-widget-icon-list\" data-id=\"bbb048c\" data-element_type=\"widget\" data-e-type=\"widget\" data-widget_type=\"icon-list.default\">\n\t\t\t\t<div class=\"elementor-widget-container\">\n\t\t\t\t\t\t\t<ul class=\"elementor-icon-list-items\">\n\t\t\t\t\t\t\t<li class=\"elementor-icon-list-item\">\n\t\t\t\t\t\t\t\t\t\t\t<span class=\"elementor-icon-list-icon\">\n\t\t\t\t\t\t\t<i aria-hidden=\"true\" class=\"fas fa-wave-square\"><\/i>\t\t\t\t\t\t<\/span>\n\t\t\t\t\t\t\t\t\t\t<span class=\"elementor-icon-list-text\">D\u00e9pannage \u00e9lectrique<\/span>\n\t\t\t\t\t\t\t\t\t<\/li>\n\t\t\t\t\t\t<\/ul>\n\t\t\t\t\t\t<\/div>\n\t\t\t\t<\/div>\n\t\t\t\t<div class=\"elementor-element elementor-element-70679b0 elementor-widget elementor-widget-spacer\" data-id=\"70679b0\" data-element_type=\"widget\" data-e-type=\"widget\" data-widget_type=\"spacer.default\">\n\t\t\t\t<div class=\"elementor-widget-container\">\n\t\t\t\t\t\t\t<div class=\"elementor-spacer\">\n\t\t\t<div class=\"elementor-spacer-inner\"><\/div>\n\t\t<\/div>\n\t\t\t\t\t\t<\/div>\n\t\t\t\t<\/div>\n\t\t\t\t\t<\/div>\n\t\t<\/div>\n\t\t\t\t<div class=\"elementor-column elementor-col-50 elementor-inner-column elementor-element elementor-element-142d288\" data-id=\"142d288\" data-element_type=\"column\" data-e-type=\"column\">\n\t\t\t<div class=\"elementor-widget-wrap elementor-element-populated\">\n\t\t\t\t\t\t<div class=\"elementor-element elementor-element-e81a16b elementor-widget elementor-widget-heading\" data-id=\"e81a16b\" data-element_type=\"widget\" data-e-type=\"widget\" data-widget_type=\"heading.default\">\n\t\t\t\t<div class=\"elementor-widget-container\">\n\t\t\t\t\t<h4 class=\"elementor-heading-title elementor-size-default\">Contactez-nous :<\/h4>\t\t\t\t<\/div>\n\t\t\t\t<\/div>\n\t\t\t\t<div class=\"elementor-element elementor-element-fdd301e elementor-widget elementor-widget-spacer\" data-id=\"fdd301e\" data-element_type=\"widget\" data-e-type=\"widget\" data-widget_type=\"spacer.default\">\n\t\t\t\t<div class=\"elementor-widget-container\">\n\t\t\t\t\t\t\t<div class=\"elementor-spacer\">\n\t\t\t<div class=\"elementor-spacer-inner\"><\/div>\n\t\t<\/div>\n\t\t\t\t\t\t<\/div>\n\t\t\t\t<\/div>\n\t\t\t\t<div class=\"elementor-element elementor-element-1c38898 elementor-widget elementor-widget-heading\" data-id=\"1c38898\" data-element_type=\"widget\" data-e-type=\"widget\" data-widget_type=\"heading.default\">\n\t\t\t\t<div class=\"elementor-widget-container\">\n\t\t\t\t\t<h4 class=\"elementor-heading-title elementor-size-default\">T\u00e9l\u00e9phone :<\/h4>\t\t\t\t<\/div>\n\t\t\t\t<\/div>\n\t\t\t\t<div class=\"elementor-element elementor-element-55ab465 elementor-icon-list--layout-traditional elementor-list-item-link-full_width elementor-widget elementor-widget-icon-list\" data-id=\"55ab465\" data-element_type=\"widget\" data-e-type=\"widget\" data-widget_type=\"icon-list.default\">\n\t\t\t\t<div class=\"elementor-widget-container\">\n\t\t\t\t\t\t\t<ul class=\"elementor-icon-list-items\">\n\t\t\t\t\t\t\t<li class=\"elementor-icon-list-item\">\n\t\t\t\t\t\t\t\t\t\t\t<a href=\"tel:%20+41555052230\">\n\n\t\t\t\t\t\t\t\t\t\t\t\t<span class=\"elementor-icon-list-icon\">\n\t\t\t\t\t\t\t<i aria-hidden=\"true\" class=\"fas fa-tools\"><\/i>\t\t\t\t\t\t<\/span>\n\t\t\t\t\t\t\t\t\t\t<span class=\"elementor-icon-list-text\">Atelier : +41 55 505 22 30<\/span>\n\t\t\t\t\t\t\t\t\t\t\t<\/a>\n\t\t\t\t\t\t\t\t\t<\/li>\n\t\t\t\t\t\t<\/ul>\n\t\t\t\t\t\t<\/div>\n\t\t\t\t<\/div>\n\t\t\t\t<div class=\"elementor-element elementor-element-4f98e3a elementor-widget elementor-widget-heading\" data-id=\"4f98e3a\" data-element_type=\"widget\" data-e-type=\"widget\" data-widget_type=\"heading.default\">\n\t\t\t\t<div class=\"elementor-widget-container\">\n\t\t\t\t\t<h4 class=\"elementor-heading-title elementor-size-default\">Email :<\/h4>\t\t\t\t<\/div>\n\t\t\t\t<\/div>\n\t\t\t\t<div class=\"elementor-element elementor-element-088cf71 elementor-icon-list--layout-traditional elementor-list-item-link-full_width elementor-widget elementor-widget-icon-list\" data-id=\"088cf71\" data-element_type=\"widget\" data-e-type=\"widget\" data-widget_type=\"icon-list.default\">\n\t\t\t\t<div class=\"elementor-widget-container\">\n\t\t\t\t\t\t\t<ul class=\"elementor-icon-list-items\">\n\t\t\t\t\t\t\t<li class=\"elementor-icon-list-item\">\n\t\t\t\t\t\t\t\t\t\t\t<a href=\"mailto:werkstatt@autarking.ch\">\n\n\t\t\t\t\t\t\t\t\t\t\t\t<span class=\"elementor-icon-list-icon\">\n\t\t\t\t\t\t\t<i aria-hidden=\"true\" class=\"fas fa-tools\"><\/i>\t\t\t\t\t\t<\/span>\n\t\t\t\t\t\t\t\t\t\t<span class=\"elementor-icon-list-text\">werkstatt@autarking.ch<\/span>\n\t\t\t\t\t\t\t\t\t\t\t<\/a>\n\t\t\t\t\t\t\t\t\t<\/li>\n\t\t\t\t\t\t<\/ul>\n\t\t\t\t\t\t<\/div>\n\t\t\t\t<\/div>\n\t\t\t\t<div class=\"elementor-element elementor-element-f43d62f elementor-widget elementor-widget-heading\" data-id=\"f43d62f\" data-element_type=\"widget\" data-e-type=\"widget\" data-widget_type=\"heading.default\">\n\t\t\t\t<div class=\"elementor-widget-container\">\n\t\t\t\t\t<h4 class=\"elementor-heading-title elementor-size-default\">Nous sommes dans l'atelier<\/h4>\t\t\t\t<\/div>\n\t\t\t\t<\/div>\n\t\t\t\t<div class=\"elementor-element elementor-element-7bbf17e elementor-icon-list--layout-traditional elementor-list-item-link-full_width elementor-widget elementor-widget-icon-list\" data-id=\"7bbf17e\" data-element_type=\"widget\" data-e-type=\"widget\" data-widget_type=\"icon-list.default\">\n\t\t\t\t<div class=\"elementor-widget-container\">\n\t\t\t\t\t\t\t<ul class=\"elementor-icon-list-items\">\n\t\t\t\t\t\t\t<li class=\"elementor-icon-list-item\">\n\t\t\t\t\t\t\t\t\t\t<span class=\"elementor-icon-list-text\">lundi - vendredi<\/span>\n\t\t\t\t\t\t\t\t\t<\/li>\n\t\t\t\t\t\t\t\t<li class=\"elementor-icon-list-item\">\n\t\t\t\t\t\t\t\t\t\t\t<span class=\"elementor-icon-list-icon\">\n\t\t\t\t\t\t\t<i aria-hidden=\"true\" class=\"far fa-clock\"><\/i>\t\t\t\t\t\t<\/span>\n\t\t\t\t\t\t\t\t\t\t<span class=\"elementor-icon-list-text\">08:00 - 12:00 \/ 13:30 - 16:00<\/span>\n\t\t\t\t\t\t\t\t\t<\/li>\n\t\t\t\t\t\t<\/ul>\n\t\t\t\t\t\t<\/div>\n\t\t\t\t<\/div>\n\t\t\t\t<div class=\"elementor-element elementor-element-d3c16e0 elementor-icon-list--layout-traditional elementor-list-item-link-full_width elementor-widget elementor-widget-icon-list\" data-id=\"d3c16e0\" data-element_type=\"widget\" data-e-type=\"widget\" data-widget_type=\"icon-list.default\">\n\t\t\t\t<div class=\"elementor-widget-container\">\n\t\t\t\t\t\t\t<ul class=\"elementor-icon-list-items\">\n\t\t\t\t\t\t\t<li class=\"elementor-icon-list-item\">\n\t\t\t\t\t\t\t\t\t\t\t<span class=\"elementor-icon-list-icon\">\n\t\t\t\t\t\t\t<i aria-hidden=\"true\" class=\"fas fa-walking\"><\/i>\t\t\t\t\t\t<\/span>\n\t\t\t\t\t\t\t\t\t\t<span class=\"elementor-icon-list-text\">Sur rendez-vous uniquement<\/span>\n\t\t\t\t\t\t\t\t\t<\/li>\n\t\t\t\t\t\t<\/ul>\n\t\t\t\t\t\t<\/div>\n\t\t\t\t<\/div>\n\t\t\t\t\t<\/div>\n\t\t<\/div>\n\t\t\t\t\t<\/div>\n\t\t<\/section>\n\t\t\t\t\t<\/div>\n\t\t<\/div>\n\t\t\t\t\t<\/div>\n\t\t<\/section>\n\t\t\t\t<\/div>","protected":false},"excerpt":{"rendered":"<p>unsere Werkstatt f\u00fcr Partner &amp; Gesch\u00e4ftskunden Gerne finden wir f\u00fcr Sie einen Termin Wir f\u00fchren folgende Arbeiten f\u00fcr Sie aus: Stromversorgung &amp; Batterien Solar &amp; \u00dcberwachung Aussensteckdosen f\u00fcr Strom &amp; Solar\u200b St\u00f6rungsbehebung Elektrik Kontaktieren Sie uns: Telefon: Werkstatt: +41 55 505 22 30 Email: werkstatt@autarking.ch Wir sind in der Werkstatt Montag &#8211; Freitag 08:00 &#8211; [&hellip;]<\/p>\n","protected":false},"author":4,"featured_media":0,"parent":0,"menu_order":0,"comment_status":"closed","ping_status":"closed","template":"","meta":{"site-sidebar-layout":"no-sidebar","site-content-layout":"page-builder","ast-site-content-layout":"default","site-content-style":"default","site-sidebar-style":"default","ast-global-header-display":"","ast-banner-title-visibility":"","ast-main-header-display":"","ast-hfb-above-header-display":"","ast-hfb-below-header-display":"","ast-hfb-mobile-header-display":"","site-post-title":"disabled","ast-breadcrumbs-content":"","ast-featured-img":"disabled","footer-sml-layout":"","ast-disable-related-posts":"","theme-transparent-header-meta":"default","adv-header-id-meta":"","stick-header-meta":"","header-above-stick-meta":"","header-main-stick-meta":"","header-below-stick-meta":"","astra-migrate-meta-layouts":"default","ast-page-background-enabled":"default","ast-page-background-meta":{"desktop":{"background-color":"var(--ast-global-color-4)","background-image":"","background-repeat":"repeat","background-position":"center center","background-size":"auto","background-attachment":"scroll","background-type":"","background-media":"","overlay-type":"","overlay-color":"","overlay-opacity":"","overlay-gradient":""},"tablet":{"background-color":"","background-image":"","background-repeat":"repeat","background-position":"center center","background-size":"auto","background-attachment":"scroll","background-type":"","background-media":"","overlay-type":"","overlay-color":"","overlay-opacity":"","overlay-gradient":""},"mobile":{"background-color":"","background-image":"","background-repeat":"repeat","background-position":"center center","background-size":"auto","background-attachment":"scroll","background-type":"","background-media":"","overlay-type":"","overlay-color":"","overlay-opacity":"","overlay-gradient":""}},"ast-content-background-meta":{"desktop":{"background-color":"var(--ast-global-color-5)","background-image":"","background-repeat":"repeat","background-position":"center center","background-size":"auto","background-attachment":"scroll","background-type":"","background-media":"","overlay-type":"","overlay-color":"","overlay-opacity":"","overlay-gradient":""},"tablet":{"background-color":"var(--ast-global-color-5)","background-image":"","background-repeat":"repeat","background-position":"center center","background-size":"auto","background-attachment":"scroll","background-type":"","background-media":"","overlay-type":"","overlay-color":"","overlay-opacity":"","overlay-gradient":""},"mobile":{"background-color":"var(--ast-global-color-5)","background-image":"","background-repeat":"repeat","background-position":"center center","background-size":"auto","background-attachment":"scroll","background-type":"","background-media":"","overlay-type":"","overlay-color":"","overlay-opacity":"","overlay-gradient":""}},"footnotes":""},"class_list":["post-3072","page","type-page","status-publish","hentry"],"yoast_head":"<!-- This site is optimized with the Yoast SEO plugin v27.3 - https:\/\/yoast.com\/product\/yoast-seo-wordpress\/ -->\n<title>Camping-Werkstatt-kontakt - Autarking - unabh\u00e4ngige Energie<\/title>\n<meta name=\"robots\" content=\"index, follow, max-snippet:-1, max-image-preview:large, max-video-preview:-1\" \/>\n<link rel=\"canonical\" href=\"https:\/\/willkommen.autarking.ch\/fr\/atelier-de-camping-contact\/\" \/>\n<meta property=\"og:locale\" content=\"fr_FR\" \/>\n<meta property=\"og:type\" content=\"article\" \/>\n<meta property=\"og:title\" content=\"Camping-Werkstatt-kontakt - Autarking - unabh\u00e4ngige Energie\" \/>\n<meta property=\"og:description\" content=\"unsere Werkstatt f\u00fcr Partner &amp; Gesch\u00e4ftskunden Gerne finden wir f\u00fcr Sie einen Termin Wir f\u00fchren folgende Arbeiten f\u00fcr Sie aus: Stromversorgung &amp; Batterien Solar &amp; \u00dcberwachung Aussensteckdosen f\u00fcr Strom &amp; Solar\u200b St\u00f6rungsbehebung Elektrik Kontaktieren Sie uns: Telefon: Werkstatt: +41 55 505 22 30 Email: werkstatt@autarking.ch Wir sind in der Werkstatt Montag &#8211; Freitag 08:00 &#8211; [&hellip;]\" \/>\n<meta property=\"og:url\" content=\"https:\/\/willkommen.autarking.ch\/fr\/atelier-de-camping-contact\/\" \/>\n<meta property=\"og:site_name\" content=\"Autarking - unabh\u00e4ngige Energie\" \/>\n<meta property=\"article:publisher\" content=\"https:\/\/www.facebook.com\/autarkingag\" \/>\n<meta property=\"article:modified_time\" content=\"2025-09-29T06:13:05+00:00\" \/>\n<meta name=\"twitter:card\" content=\"summary_large_image\" \/>\n<meta name=\"twitter:label1\" content=\"Dur\u00e9e de lecture estim\u00e9e\" \/>\n\t<meta name=\"twitter:data1\" content=\"1 minute\" \/>\n<script type=\"application\/ld+json\" class=\"yoast-schema-graph\">{\"@context\":\"https:\\\/\\\/schema.org\",\"@graph\":[{\"@type\":\"WebPage\",\"@id\":\"https:\\\/\\\/willkommen.autarking.ch\\\/camping-werkstatt-kontakt\\\/\",\"url\":\"https:\\\/\\\/willkommen.autarking.ch\\\/camping-werkstatt-kontakt\\\/\",\"name\":\"Camping-Werkstatt-kontakt - Autarking - unabh\u00e4ngige Energie\",\"isPartOf\":{\"@id\":\"https:\\\/\\\/willkommen.autarking.ch\\\/#website\"},\"datePublished\":\"2022-09-20T14:28:49+00:00\",\"dateModified\":\"2025-09-29T06:13:05+00:00\",\"breadcrumb\":{\"@id\":\"https:\\\/\\\/willkommen.autarking.ch\\\/camping-werkstatt-kontakt\\\/#breadcrumb\"},\"inLanguage\":\"fr-FR\",\"potentialAction\":[{\"@type\":\"ReadAction\",\"target\":[\"https:\\\/\\\/willkommen.autarking.ch\\\/camping-werkstatt-kontakt\\\/\"]}]},{\"@type\":\"BreadcrumbList\",\"@id\":\"https:\\\/\\\/willkommen.autarking.ch\\\/camping-werkstatt-kontakt\\\/#breadcrumb\",\"itemListElement\":[{\"@type\":\"ListItem\",\"position\":1,\"name\":\"Home\",\"item\":\"https:\\\/\\\/willkommen.autarking.ch\\\/\"},{\"@type\":\"ListItem\",\"position\":2,\"name\":\"Camping-Werkstatt-kontakt\"}]},{\"@type\":\"WebSite\",\"@id\":\"https:\\\/\\\/willkommen.autarking.ch\\\/#website\",\"url\":\"https:\\\/\\\/willkommen.autarking.ch\\\/\",\"name\":\"Autarking - unabh\u00e4ngige Energie\",\"description\":\"Stromversorgung unterwegs, zu hause, auf dem wasser, beim arbeiten\",\"publisher\":{\"@id\":\"https:\\\/\\\/willkommen.autarking.ch\\\/#organization\"},\"potentialAction\":[{\"@type\":\"SearchAction\",\"target\":{\"@type\":\"EntryPoint\",\"urlTemplate\":\"https:\\\/\\\/willkommen.autarking.ch\\\/?s={search_term_string}\"},\"query-input\":{\"@type\":\"PropertyValueSpecification\",\"valueRequired\":true,\"valueName\":\"search_term_string\"}}],\"inLanguage\":\"fr-FR\"},{\"@type\":\"Organization\",\"@id\":\"https:\\\/\\\/willkommen.autarking.ch\\\/#organization\",\"name\":\"Autarking AG\",\"url\":\"https:\\\/\\\/willkommen.autarking.ch\\\/\",\"logo\":{\"@type\":\"ImageObject\",\"inLanguage\":\"fr-FR\",\"@id\":\"https:\\\/\\\/willkommen.autarking.ch\\\/#\\\/schema\\\/logo\\\/image\\\/\",\"url\":\"https:\\\/\\\/willkommen.autarking.ch\\\/wp-content\\\/uploads\\\/2021\\\/01\\\/Logo_k.jpg\",\"contentUrl\":\"https:\\\/\\\/willkommen.autarking.ch\\\/wp-content\\\/uploads\\\/2021\\\/01\\\/Logo_k.jpg\",\"width\":329,\"height\":192,\"caption\":\"Autarking AG\"},\"image\":{\"@id\":\"https:\\\/\\\/willkommen.autarking.ch\\\/#\\\/schema\\\/logo\\\/image\\\/\"},\"sameAs\":[\"https:\\\/\\\/www.facebook.com\\\/autarkingag\",\"https:\\\/\\\/www.instagram.com\\\/autarking_ag\\\/?hl=de\",\"https:\\\/\\\/www.linkedin.com\\\/company\\\/8321953\\\/admin\\\/\",\"https:\\\/\\\/www.youtube.com\\\/channel\\\/UC601_a6rgsHAFf8iYE0i5Hw\"]}]}<\/script>\n<!-- \/ Yoast SEO plugin. -->","yoast_head_json":{"title":"Camping-Werkstatt-kontakt - Autarcie - \u00e9nergie ind\u00e9pendante","robots":{"index":"index","follow":"follow","max-snippet":"max-snippet:-1","max-image-preview":"max-image-preview:large","max-video-preview":"max-video-preview:-1"},"canonical":"https:\/\/willkommen.autarking.ch\/fr\/atelier-de-camping-contact\/","og_locale":"fr_FR","og_type":"article","og_title":"Camping-Werkstatt-kontakt - Autarking - unabh\u00e4ngige Energie","og_description":"unsere Werkstatt f\u00fcr Partner &amp; Gesch\u00e4ftskunden Gerne finden wir f\u00fcr Sie einen Termin Wir f\u00fchren folgende Arbeiten f\u00fcr Sie aus: Stromversorgung &amp; Batterien Solar &amp; \u00dcberwachung Aussensteckdosen f\u00fcr Strom &amp; Solar\u200b St\u00f6rungsbehebung Elektrik Kontaktieren Sie uns: Telefon: Werkstatt: +41 55 505 22 30 Email: werkstatt@autarking.ch Wir sind in der Werkstatt Montag &#8211; Freitag 08:00 &#8211; [&hellip;]","og_url":"https:\/\/willkommen.autarking.ch\/fr\/atelier-de-camping-contact\/","og_site_name":"Autarking - unabh\u00e4ngige Energie","article_publisher":"https:\/\/www.facebook.com\/autarkingag","article_modified_time":"2025-09-29T06:13:05+00:00","twitter_card":"summary_large_image","twitter_misc":{"Dur\u00e9e de lecture estim\u00e9e":"1 minute"},"schema":{"@context":"https:\/\/schema.org","@graph":[{"@type":"WebPage","@id":"https:\/\/willkommen.autarking.ch\/camping-werkstatt-kontakt\/","url":"https:\/\/willkommen.autarking.ch\/camping-werkstatt-kontakt\/","name":"Camping-Werkstatt-kontakt - Autarcie - \u00e9nergie ind\u00e9pendante","isPartOf":{"@id":"https:\/\/willkommen.autarking.ch\/#website"},"datePublished":"2022-09-20T14:28:49+00:00","dateModified":"2025-09-29T06:13:05+00:00","breadcrumb":{"@id":"https:\/\/willkommen.autarking.ch\/camping-werkstatt-kontakt\/#breadcrumb"},"inLanguage":"fr-FR","potentialAction":[{"@type":"ReadAction","target":["https:\/\/willkommen.autarking.ch\/camping-werkstatt-kontakt\/"]}]},{"@type":"BreadcrumbList","@id":"https:\/\/willkommen.autarking.ch\/camping-werkstatt-kontakt\/#breadcrumb","itemListElement":[{"@type":"ListItem","position":1,"name":"Home","item":"https:\/\/willkommen.autarking.ch\/"},{"@type":"ListItem","position":2,"name":"Camping-Werkstatt-kontakt"}]},{"@type":"WebSite","@id":"https:\/\/willkommen.autarking.ch\/#website","url":"https:\/\/willkommen.autarking.ch\/","name":"Autarcie - \u00e9nergie ind\u00e9pendante","description":"alimentation \u00e9lectrique en d\u00e9placement, \u00e0 la maison, sur l'eau, au travail","publisher":{"@id":"https:\/\/willkommen.autarking.ch\/#organization"},"potentialAction":[{"@type":"SearchAction","target":{"@type":"EntryPoint","urlTemplate":"https:\/\/willkommen.autarking.ch\/?s={search_term_string}"},"query-input":{"@type":"PropertyValueSpecification","valueRequired":true,"valueName":"search_term_string"}}],"inLanguage":"fr-FR"},{"@type":"Organization","@id":"https:\/\/willkommen.autarking.ch\/#organization","name":"Autarking AG","url":"https:\/\/willkommen.autarking.ch\/","logo":{"@type":"ImageObject","inLanguage":"fr-FR","@id":"https:\/\/willkommen.autarking.ch\/#\/schema\/logo\/image\/","url":"https:\/\/willkommen.autarking.ch\/wp-content\/uploads\/2021\/01\/Logo_k.jpg","contentUrl":"https:\/\/willkommen.autarking.ch\/wp-content\/uploads\/2021\/01\/Logo_k.jpg","width":329,"height":192,"caption":"Autarking AG"},"image":{"@id":"https:\/\/willkommen.autarking.ch\/#\/schema\/logo\/image\/"},"sameAs":["https:\/\/www.facebook.com\/autarkingag","https:\/\/www.instagram.com\/autarking_ag\/?hl=de","https:\/\/www.linkedin.com\/company\/8321953\/admin\/","https:\/\/www.youtube.com\/channel\/UC601_a6rgsHAFf8iYE0i5Hw"]}]}},"_links":{"self":[{"href":"https:\/\/willkommen.autarking.ch\/fr\/wp-json\/wp\/v2\/pages\/3072","targetHints":{"allow":["GET"]}}],"collection":[{"href":"https:\/\/willkommen.autarking.ch\/fr\/wp-json\/wp\/v2\/pages"}],"about":[{"href":"https:\/\/willkommen.autarking.ch\/fr\/wp-json\/wp\/v2\/types\/page"}],"author":[{"embeddable":true,"href":"https:\/\/willkommen.autarking.ch\/fr\/wp-json\/wp\/v2\/users\/4"}],"replies":[{"embeddable":true,"href":"https:\/\/willkommen.autarking.ch\/fr\/wp-json\/wp\/v2\/comments?post=3072"}],"version-history":[{"count":0,"href":"https:\/\/willkommen.autarking.ch\/fr\/wp-json\/wp\/v2\/pages\/3072\/revisions"}],"wp:attachment":[{"href":"https:\/\/willkommen.autarking.ch\/fr\/wp-json\/wp\/v2\/media?parent=3072"}],"curies":[{"name":"wp","href":"https:\/\/api.w.org\/{rel}","templated":true}]}}